{"id":2324,"date":"2025-04-24T12:59:44","date_gmt":"2025-04-24T10:59:44","guid":{"rendered":"https:\/\/www.ault-environnement.com\/covoiturage\/?page_id=2324"},"modified":"2025-07-14T15:58:44","modified_gmt":"2025-07-14T13:58:44","slug":"mentions-legales","status":"publish","type":"page","link":"https:\/\/www.ault-environnement.com\/covoiturage\/mentions-legales\/","title":{"rendered":"Mentions l\u00e9gales"},"content":{"rendered":"\t\t<div data-elementor-type=\"wp-page\" data-elementor-id=\"2324\" class=\"elementor elementor-2324\" data-elementor-post-type=\"page\">\n\t\t\t\t\t\t<section class=\"elementor-section elementor-top-section elementor-element elementor-element-434f9ff9 elementor-section-boxed elementor-section-height-default elementor-section-height-default\" data-id=\"434f9ff9\" data-element_type=\"section\" data-e-type=\"section\">\n\t\t\t\t\t\t<div class=\"elementor-container elementor-column-gap-no\">\n\t\t\t\t\t<div class=\"elementor-column elementor-col-100 elementor-top-column elementor-element elementor-element-13cae0fb\" data-id=\"13cae0fb\" data-element_type=\"column\" data-e-type=\"column\">\n\t\t\t<div class=\"elementor-widget-wrap elementor-element-populated\">\n\t\t\t\t\t\t<div class=\"elementor-element elementor-element-560382d7 elementor-widget elementor-widget-spacer\" data-id=\"560382d7\" data-element_type=\"widget\" data-e-type=\"widget\" data-widget_type=\"spacer.default\">\n\t\t\t\t<div class=\"elementor-widget-container\">\n\t\t\t\t\t\t\t<div class=\"elementor-spacer\">\n\t\t\t<div class=\"elementor-spacer-inner\"><\/div>\n\t\t<\/div>\n\t\t\t\t\t\t<\/div>\n\t\t\t\t<\/div>\n\t\t\t\t<div class=\"elementor-element elementor-element-2a55725c elementor-widget elementor-widget-heading\" data-id=\"2a55725c\" data-element_type=\"widget\" data-e-type=\"widget\" data-widget_type=\"heading.default\">\n\t\t\t\t<div class=\"elementor-widget-container\">\n\t\t\t\t\t<h2 class=\"elementor-heading-title elementor-size-default\">AULT ENVIRONNEMENT<\/h2>\t\t\t\t<\/div>\n\t\t\t\t<\/div>\n\t\t\t\t<div class=\"elementor-element elementor-element-bf9acc0 elementor-widget-divider--view-line elementor-widget elementor-widget-divider\" data-id=\"bf9acc0\" data-element_type=\"widget\" data-e-type=\"widget\" data-widget_type=\"divider.default\">\n\t\t\t\t<div class=\"elementor-widget-container\">\n\t\t\t\t\t\t\t<div class=\"elementor-divider\">\n\t\t\t<span class=\"elementor-divider-separator\">\n\t\t\t\t\t\t<\/span>\n\t\t<\/div>\n\t\t\t\t\t\t<\/div>\n\t\t\t\t<\/div>\n\t\t\t\t<div class=\"elementor-element elementor-element-1b57d5e3 elementor-widget elementor-widget-text-editor\" data-id=\"1b57d5e3\" data-element_type=\"widget\" data-e-type=\"widget\" data-widget_type=\"text-editor.default\">\n\t\t\t\t<div class=\"elementor-widget-container\">\n\t\t\t\t\t\t\t\t\t<p>L\u2019ensemble de ce site est soumis \u00e0 la r\u00e9glementation fran\u00e7aise et communautaire.<br \/>Tous les contenus publi\u00e9s sur ce site internet sont la propri\u00e9t\u00e9 exclusive de\u00a0<strong>Ault Environnement<\/strong>.<\/p>\t\t\t\t\t\t\t\t<\/div>\n\t\t\t\t<\/div>\n\t\t\t\t<section class=\"elementor-section elementor-inner-section elementor-element elementor-element-1f68ff4e elementor-section-content-middle elementor-section-boxed elementor-section-height-default elementor-section-height-default\" data-id=\"1f68ff4e\" data-element_type=\"section\" data-e-type=\"section\">\n\t\t\t\t\t\t<div class=\"elementor-container elementor-column-gap-no\">\n\t\t\t\t\t<div class=\"elementor-column elementor-col-66 elementor-inner-column elementor-element elementor-element-f204bd4\" data-id=\"f204bd4\" data-element_type=\"column\" data-e-type=\"column\">\n\t\t\t<div class=\"elementor-widget-wrap\">\n\t\t\t\t\t\t\t<\/div>\n\t\t<\/div>\n\t\t\t\t<div class=\"elementor-column elementor-col-33 elementor-inner-column elementor-element elementor-element-684b5111\" data-id=\"684b5111\" data-element_type=\"column\" data-e-type=\"column\" data-settings=\"{&quot;background_background&quot;:&quot;classic&quot;}\">\n\t\t\t<div class=\"elementor-widget-wrap elementor-element-populated\">\n\t\t\t\t\t\t<div class=\"elementor-element elementor-element-308417f1 elementor-widget elementor-widget-heading\" data-id=\"308417f1\" data-element_type=\"widget\" data-e-type=\"widget\" data-widget_type=\"heading.default\">\n\t\t\t\t<div class=\"elementor-widget-container\">\n\t\t\t\t\t<h2 class=\"elementor-heading-title elementor-size-default\">Mentions L\u00e9gales<\/h2>\t\t\t\t<\/div>\n\t\t\t\t<\/div>\n\t\t\t\t<div class=\"elementor-element elementor-element-ad389ce elementor-widget-divider--view-line elementor-widget elementor-widget-divider\" data-id=\"ad389ce\" data-element_type=\"widget\" data-e-type=\"widget\" data-widget_type=\"divider.default\">\n\t\t\t\t<div class=\"elementor-widget-container\">\n\t\t\t\t\t\t\t<div class=\"elementor-divider\">\n\t\t\t<span class=\"elementor-divider-separator\">\n\t\t\t\t\t\t<\/span>\n\t\t<\/div>\n\t\t\t\t\t\t<\/div>\n\t\t\t\t<\/div>\n\t\t\t\t<div class=\"elementor-element elementor-element-38dae518 elementor-widget elementor-widget-text-editor\" data-id=\"38dae518\" data-element_type=\"widget\" data-e-type=\"widget\" data-widget_type=\"text-editor.default\">\n\t\t\t\t<div class=\"elementor-widget-container\">\n\t\t\t\t\t\t\t\t\t<p>EDITEUR<\/p><p><strong>Ault Environnement \u2013\u00a0<\/strong>Maison des Associations, 1 rue du 11 novembre,\u00a0<br \/><strong>80460 AULT<\/strong><\/p><p><strong>Association loi 1901<br \/>Pr\u00e9sident<\/strong> : Xavier Desjonqu\u00e8res<br \/>Association d\u00e9clar\u00e9e le 21 d\u00e9cembre 1998,<br \/>D\u00e9claration \u00e0 la sous-pr\u00e9fecture d\u2019Abbeville<br \/><strong>Objet de l\u2019association :<\/strong>\u00a0 mobiliser les \u00e9nergies afin de <\/p><ul><li>prot\u00e9ger l&#8217;environnement et pr\u00e9server la plan\u00e8te du changement climatique,<\/li><li>valoriser le patrimoine b\u00e2ti et le patrimoine naturel,<\/li><li>promouvoir et d\u00e9fendre le cadre et la qualit\u00e9 de vie sur le territoire d\u2019Ault et des environ<\/li><\/ul><p>N\u00b0 de parution : 19990002<\/p><h3>R\u00e9alisation du site &amp; h\u00e9bergement<\/h3><p><strong>Conception : <\/strong>Cathy Blancher &#8211; artisticonnections[at]gmail.com<strong><br \/>Cr\u00e9ation du site et r\u00e9alisation :<\/strong> Muriel Watbled<br \/><strong style=\"font-style: inherit;\">Maintenance technique et h\u00e9bergement<\/strong><span style=\"font-style: inherit; font-weight: inherit;\"> : Muriel Watbled via\u00a0 Mycyberhosting (1410 Waterloo, Belgique)<br \/><\/span><span style=\"font-style: inherit; font-weight: inherit;\">Adresse \u00e9lectronique (Courriel) : info[at]muriel-watbled.com<\/span><\/p><p><strong>Directeur de la publication, responsable l\u00e9gal<\/strong> : Xavier Desjonqu\u00e8res<\/p><p><strong>Droits d\u2019auteur \u2013 Copyright<\/strong><\/p><p>L\u2019ensemble de ce site rel\u00e8ve de la l\u00e9gislation fran\u00e7aise et internationale sur le droit d\u2019auteur et la propri\u00e9t\u00e9 intellectuelle.<\/p><p>Les photographies, textes, slogans, dessins, images, s\u00e9quences anim\u00e9es sonores ou non ainsi que toutes \u0153uvres int\u00e9gr\u00e9es dans le site sont la propri\u00e9t\u00e9 de l\u2019association\u00a0<strong>Ault Environnement<\/strong>. Les logos, ic\u00f4nes et puces graphiques repr\u00e9sent\u00e9s sur le site sont prot\u00e9g\u00e9s au titre des droits d\u2019auteur et des\u00a0<em><strong>articles L.511.1 et suivants du Code de la propri\u00e9t\u00e9 intellectuelle<\/strong><\/em>\u00a0relatifs \u00e0 la protection des mod\u00e8les d\u00e9pos\u00e9s.<\/p><p>Tous les droits de reproduction sont r\u00e9serv\u00e9s et strictement limit\u00e9s, y compris pour les documents t\u00e9l\u00e9chargeables et les repr\u00e9sentations iconographiques et photographiques.<br \/>Les marques cit\u00e9es sur ce site sont d\u00e9pos\u00e9es par les soci\u00e9t\u00e9s qui en sont propri\u00e9taires.<\/p><p>Toute utilisation non autoris\u00e9e de tout ou partie de ces droits par des tiers est susceptible de donner lieu \u00e0 des poursuites judiciaires.<\/p><p><strong>Contenu du site<\/strong><\/p><p><strong>Ault Environnement<\/strong>. d\u00e9cline toute responsabilit\u00e9 en cas de retard de mise \u00e0 jour, de m\u00eame qu\u2019en cas d\u2019interruption ou d\u2019indisponibilit\u00e9 temporaire du service.<\/p><p><strong>Ault Environnement<\/strong>. se r\u00e9serve le droit de corriger, \u00e0 tout moment et sans pr\u00e9avis, le contenu de ce site.<\/p><p>Les reproductions, sur un support papier ou informatique, dudit site et des \u0153uvres qui y sont reproduits sont autoris\u00e9s sous r\u00e9serve qu\u2019elles soient strictement r\u00e9serv\u00e9es \u00e0 un usage personnel et priv\u00e9. Cela exclut tout usage \u00e0 des fins publicitaires et\/ou commerciales, et\/ou d\u2019information et\/ou qu\u2019elles soient conformes aux dispositions de<em><strong>\u00a0l\u2019article L.122-5 du Code de la propri\u00e9t\u00e9 intellectuelle.<\/strong><\/em><\/p><p>Toute reproduction, repr\u00e9sentation, utilisation ou modification, par quelque proc\u00e9d\u00e9 que ce soit et sur quelque support que ce soit, de tout ou partie du site, de tout ou partie des diff\u00e9rents \u0153uvres qui le composent, sans avoir obtenu l\u2019autorisation pr\u00e9alable du directeur de la publication est strictement interdite, constitue un d\u00e9lit de contrefa\u00e7on et peut donner suite \u00e0 des poursuites judiciaires civiles et\/ou p\u00e9nales, ainsi qu\u2019au paiement de dommages et int\u00e9r\u00eats.<\/p><p><strong>Acc\u00e8s au site<\/strong><\/p><p>L\u2019utilisateur du site reconnait disposer de la comp\u00e9tence et des moyens n\u00e9cessaires pour acc\u00e9der et utiliser ce site.<\/p><p><strong>Ault Environnement<\/strong>\u00a0ne saurait \u00eatre tenu responsable des \u00e9l\u00e9ments et \u00e9v\u00e9nements en dehors de son contr\u00f4le li\u00e9s \u00e0 l\u2019utilisation du site et de leurs effets ou des incompatibilit\u00e9s mat\u00e9rielles et\/ou logicielles et des dommages qui pourraient \u00e9ventuellement en r\u00e9sulter pour l\u2019environnement technique de l\u2019utilisateur, notamment pour ses ordinateurs, logiciels, \u00e9quipements r\u00e9seaux et tout autre mat\u00e9riel utilis\u00e9 pour acc\u00e9der ou utiliser le service et\/ou les informations.<\/p><p>Il est rappel\u00e9 que le fait d\u2019acc\u00e9der ou de se maintenir frauduleusement dans un syst\u00e8me informatique, d\u2019entraver ou de fausser le fonctionnement, d\u2019introduire ou de modifier frauduleusement des donn\u00e9es d\u2019un tel syst\u00e8me constitue un d\u00e9lit passible de sanctions p\u00e9nales.<\/p><h3>Donn\u00e9es personnelles<\/h3><p>Ault Environnement est susceptible de stocker et collecter des informations personnelles recueillies lors de votre inscription (Adresse email, date de naissance, pseudonyme, mot de passe, num\u00e9ro de t\u00e9l\u00e9phone).<\/p><p>Ault environnement est seul destinataire de ces donn\u00e9es et les diff\u00e9rentes informations que nous stockons ne sont pas communiqu\u00e9es \u00e0 des tiers.<br \/><em><strong>Conform\u00e9ment \u00e0 la loi &#8220;informatique et Libert\u00e9s&#8221; du 6 janvier 1978, telle que modifi\u00e9e selon la loi du 25 mai 2018,<\/strong><\/em> vous disposez d&#8217;un droit d&#8217;acc\u00e8s, de rectification, et d&#8217;opposition aux donn\u00e9es personnelles vous concernant qui sont n\u00e9cessaires au traitement de votre demande et \u00e0 la gestion du service de covoiturage. Pour exercer ces droits, il vous suffit de nous \u00e9crire en nous indiquant votre nom, pr\u00e9nom, adresse postale et \u00e9lectronique afin de vous donner satisfaction dans les meilleurs d\u00e9lais. <em><strong>Ault Environnement, Maison des Associations, 1 rue du 11 novembre, 80460 Ault<\/strong><\/em>. Vous pouvez \u00e9galement exercer ce droit vous-m\u00eame en vous connectant \u00e0 votre profil et demander la suppression via le formulaire en ligne.\u00a0<\/p><p>\u00a0<\/p>\t\t\t\t\t\t\t\t<\/div>\n\t\t\t\t<\/div>\n\t\t\t\t\t<\/div>\n\t\t<\/div>\n\t\t\t\t\t<\/div>\n\t\t<\/section>\n\t\t\t\t\t<\/div>\n\t\t<\/div>\n\t\t\t\t\t<\/div>\n\t\t<\/section>\n\t\t\t\t<\/div>\n\t\t","protected":false},"excerpt":{"rendered":"<p>AULT ENVIRONNEMENT L\u2019ensemble de ce site est soumis \u00e0 la r\u00e9glementation fran\u00e7aise et communautaire.Tous les contenus publi\u00e9s sur ce site internet sont la propri\u00e9t\u00e9 exclusive de\u00a0Ault Environnement. Mentions L\u00e9gales EDITEUR Ault Environnement \u2013\u00a0Maison des Associations, 1 rue du 11 novembre,\u00a080460 AULT Association loi 1901Pr\u00e9sident : Xavier Desjonqu\u00e8resAssociation d\u00e9clar\u00e9e le 21 d\u00e9cembre 1998,D\u00e9claration \u00e0 la sous-pr\u00e9fecture [&hellip;]<\/p>\n","protected":false},"author":1,"featured_media":0,"parent":0,"menu_order":0,"comment_status":"closed","ping_status":"closed","template":"","meta":{"_acf_changed":false,"site-sidebar-layout":"no-sidebar","site-content-layout":"page-builder","ast-site-content-layout":"full-width-container","site-content-style":"default","site-sidebar-style":"default","ast-global-header-display":"","ast-banner-title-visibility":"","ast-main-header-display":"","ast-hfb-above-header-display":"","ast-hfb-below-header-display":"","ast-hfb-mobile-header-display":"","site-post-title":"disabled","ast-breadcrumbs-content":"","ast-featured-img":"disabled","footer-sml-layout":"","ast-disable-related-posts":"","theme-transparent-header-meta":"","adv-header-id-meta":"","stick-header-meta":"","header-above-stick-meta":"","header-main-stick-meta":"","header-below-stick-meta":"","astra-migrate-meta-layouts":"set","ast-page-background-enabled":"default","ast-page-background-meta":{"desktop":{"background-color":"","background-image":"","background-repeat":"repeat","background-position":"center center","background-size":"auto","background-attachment":"scroll","background-type":"","background-media":"","overlay-type":"","overlay-color":"","overlay-opacity":"","overlay-gradient":""},"tablet":{"background-color":"","background-image":"","background-repeat":"repeat","background-position":"center center","background-size":"auto","background-attachment":"scroll","background-type":"","background-media":"","overlay-type":"","overlay-color":"","overlay-opacity":"","overlay-gradient":""},"mobile":{"background-color":"","background-image":"","background-repeat":"repeat","background-position":"center center","background-size":"auto","background-attachment":"scroll","background-type":"","background-media":"","overlay-type":"","overlay-color":"","overlay-opacity":"","overlay-gradient":""}},"ast-content-background-meta":{"desktop":{"background-color":"var(--ast-global-color-5)","background-image":"","background-repeat":"repeat","background-position":"center center","background-size":"auto","background-attachment":"scroll","background-type":"","background-media":"","overlay-type":"","overlay-color":"","overlay-opacity":"","overlay-gradient":""},"tablet":{"background-color":"var(--ast-global-color-5)","background-image":"","background-repeat":"repeat","background-position":"center center","background-size":"auto","background-attachment":"scroll","background-type":"","background-media":"","overlay-type":"","overlay-color":"","overlay-opacity":"","overlay-gradient":""},"mobile":{"background-color":"var(--ast-global-color-5)","background-image":"","background-repeat":"repeat","background-position":"center center","background-size":"auto","background-attachment":"scroll","background-type":"","background-media":"","overlay-type":"","overlay-color":"","overlay-opacity":"","overlay-gradient":""}},"footnotes":""},"class_list":["post-2324","page","type-page","status-publish","hentry"],"acf":[],"_links":{"self":[{"href":"https:\/\/www.ault-environnement.com\/covoiturage\/wp-json\/wp\/v2\/pages\/2324","targetHints":{"allow":["GET"]}}],"collection":[{"href":"https:\/\/www.ault-environnement.com\/covoiturage\/wp-json\/wp\/v2\/pages"}],"about":[{"href":"https:\/\/www.ault-environnement.com\/covoiturage\/wp-json\/wp\/v2\/types\/page"}],"author":[{"embeddable":true,"href":"https:\/\/www.ault-environnement.com\/covoiturage\/wp-json\/wp\/v2\/users\/1"}],"replies":[{"embeddable":true,"href":"https:\/\/www.ault-environnement.com\/covoiturage\/wp-json\/wp\/v2\/comments?post=2324"}],"version-history":[{"count":23,"href":"https:\/\/www.ault-environnement.com\/covoiturage\/wp-json\/wp\/v2\/pages\/2324\/revisions"}],"predecessor-version":[{"id":3523,"href":"https:\/\/www.ault-environnement.com\/covoiturage\/wp-json\/wp\/v2\/pages\/2324\/revisions\/3523"}],"wp:attachment":[{"href":"https:\/\/www.ault-environnement.com\/covoiturage\/wp-json\/wp\/v2\/media?parent=2324"}],"curies":[{"name":"wp","href":"https:\/\/api.w.org\/{rel}","templated":true}]}}